{"id":86,"date":"2016-05-20T12:00:23","date_gmt":"2016-05-20T11:00:23","guid":{"rendered":"http:\/\/demo6.symediane.com\/?page_id=86"},"modified":"2018-02-23T19:35:19","modified_gmt":"2018-02-23T18:35:19","slug":"about","status":"publish","type":"page","link":"https:\/\/archives.maihua.fr\/fr\/about\/","title":{"rendered":"About"},"content":{"rendered":"<p><a href=\"http:\/\/maihua.fr\/wp-content\/uploads\/2016\/05\/about-4.jpg\"><img loading=\"lazy\" decoding=\"async\" class=\"alignnone size-full wp-image-21854\" src=\"http:\/\/maihua.fr\/wp-content\/uploads\/2016\/05\/about-4.jpg\" alt=\"ABOUT-4\" width=\"750\" height=\"513\" srcset=\"https:\/\/archives.maihua.fr\/wp-content\/uploads\/2016\/05\/about-4.jpg 750w, https:\/\/archives.maihua.fr\/wp-content\/uploads\/2016\/05\/about-4-300x205.jpg 300w\" sizes=\"auto, (max-width: 750px) 100vw, 750px\" \/><\/a><\/p>\n<p>Bienvenu.e dans cet espace.<\/p>\n<p>Mon nom est Mai Hua.\u00a0Je suis une femme fran\u00e7aise, d\u2019origine vietnamienne, m\u00e8re de 2 enfants. 40 ans.<br \/>\nEn dehors d&#8217;ici, je suis color designer et vid\u00e9aste. mais cela n&#8217;a ni plus ni moins d&#8217;importance que de lire, \u00e9crire, aimer. je dirais que je passe ma vie&#8230; \u00e0 vivre.<\/p>\n<p>J&#8217;ai ouvert ce blog en 2011, tr\u00e8s vite j&#8217;ai renonc\u00e9 \u00e0 poser une promesse sp\u00e9cifique pour vous lecteurs, car son objet est plus v\u00e9ritablement d&#8217;exercer ma libert\u00e9 au plus pr\u00e8s de mes questionnements du moment. de me montrer telle que je suis, au fil du temps. les &#8220;about&#8221; sont donc le reflet de ce cheminement :<br \/>\n&#8211; le 1er concernait la qu\u00eate de beaut\u00e9,<br \/>\n&#8211; le 2nd, la qu\u00eate d&#8217;intime et de v\u00e9rit\u00e9,<br \/>\n&#8211; le 3e, la qu\u00eate artistique,<br \/>\net donc ce 4e&#8230; la qu\u00eate elle-m\u00eame.<\/p>\n<p>Alors si vous lisez ces lignes, c&#8217;est que peut \u00eatre, vous \u00eates dans le m\u00eame \u00e9tat d&#8217;\u00eatre que moi. en qu\u00eate, en transformation, en recherche sur votre propre chemin. \u00c7a peut para\u00eetre contradictoire mais Osho disait que l&#8217;existence est une exp\u00e9rience solitaire. cela m&#8217;a beaucoup heurt\u00e9 au d\u00e9part mais tellement aid\u00e9e ensuite de le comprendre. je suis la source de ma propre vie, de mes col\u00e8res, de mes changements, de l&#8217;amour que je re\u00e7ois et donne. Personne ne peut le faire pour moi.<\/p>\n<p>\u00catre solitaire pour autant ne signifie pas que je sois isol\u00e9.e. Au contraire! et j&#8217;ai la chance d&#8217;\u00eatre nourrie de personnes merveilleuses, de bouquins, d&#8217;exp\u00e9riences, de la nature, de vous, de la vie elle-m\u00eame. ce blog est l&#8217;expression de ma gratitude pour la vie qu&#8217;il m&#8217;est donn\u00e9 de vivre. je formalise mes transformations et transmets les apprentissages que je re\u00e7ois. et d&#8217; apprentissage, il n&#8217;y en a fait qu&#8217;un, essentiel : si vous vous souvenez de <a href=\"http:\/\/www.maihua.fr\/2016\/10\/men-the-mad-sufi\/\" target=\"_blank\" rel=\"noopener\">Mem<\/a>, c&#8217;est celui du d\u00e9nuement, celui qui n&#8217;ajoute rien \u00e0 ce que vous savez d\u00e9j\u00e0, celui qui au contraire va d\u00e9voiler votre coeur et poser devant vos yeux chacun de ses joyaux.<\/p>\n<p>Merci pour vos longs commentaires ici, vos partages d&#8217;exp\u00e9rience et de vos convictions intimes (qui parfois aussi basculent). parfois, on s&#8217;engueule, parfois on chiale, parfois on s&#8217;\u00e9merveille, mais toujours en parlant de soi, sans injonctions, et avec bienveillance. il y a une vie ici qui me bouleverse. nous sommes seuls.es, diff\u00e9rents, singuliers, mais bel et bien tous.tes reli\u00e9s.es par ce chemin d&#8217;amour et de v\u00e9rit\u00e9.<\/p>\n<p>Encore une fois, la bienvenue \u00e0 vous!<\/p>\n<p>&nbsp;<\/p>\n","protected":false},"excerpt":{"rendered":"<p>Bienvenu.e dans cet espace. Mon nom est Mai Hua.\u00a0Je suis une femme fran\u00e7aise, d\u2019origine vietnamienne, m\u00e8re de 2 enfants. 40 ans. En dehors d&#8217;ici, je suis color designer et vid\u00e9aste. mais cela n&#8217;a ni plus ni moins d&#8217;importance que de lire, \u00e9crire, aimer. je dirais que je passe ma vie&#8230; \u00e0 vivre. J&#8217;ai ouvert ce &hellip; <a href=\"https:\/\/archives.maihua.fr\/fr\/about\/\" class=\"more-link\">Continue reading <span class=\"screen-reader-text\">About<\/span> <span class=\"meta-nav\">&rarr;<\/span><\/a><\/p>\n","protected":false},"author":1,"featured_media":0,"parent":0,"menu_order":0,"comment_status":"open","ping_status":"closed","template":"","meta":{"_acf_changed":false,"footnotes":""},"class_list":["post-86","page","type-page","status-publish","hentry"],"acf":[],"_links":{"self":[{"href":"https:\/\/archives.maihua.fr\/en\/wp-json\/wp\/v2\/pages\/86","targetHints":{"allow":["GET"]}}],"collection":[{"href":"https:\/\/archives.maihua.fr\/en\/wp-json\/wp\/v2\/pages"}],"about":[{"href":"https:\/\/archives.maihua.fr\/en\/wp-json\/wp\/v2\/types\/page"}],"author":[{"embeddable":true,"href":"https:\/\/archives.maihua.fr\/en\/wp-json\/wp\/v2\/users\/1"}],"replies":[{"embeddable":true,"href":"https:\/\/archives.maihua.fr\/en\/wp-json\/wp\/v2\/comments?post=86"}],"version-history":[{"count":24,"href":"https:\/\/archives.maihua.fr\/en\/wp-json\/wp\/v2\/pages\/86\/revisions"}],"predecessor-version":[{"id":26116,"href":"https:\/\/archives.maihua.fr\/en\/wp-json\/wp\/v2\/pages\/86\/revisions\/26116"}],"wp:attachment":[{"href":"https:\/\/archives.maihua.fr\/en\/wp-json\/wp\/v2\/media?parent=86"}],"curies":[{"name":"wp","href":"https:\/\/api.w.org\/{rel}","templated":true}]}}